{"id":748,"date":"2024-01-12T15:30:42","date_gmt":"2024-01-12T15:30:42","guid":{"rendered":"https:\/\/portfolio.abdullahhashmi.dev\/jmh\/?page_id=748"},"modified":"2024-01-16T00:09:28","modified_gmt":"2024-01-16T00:09:28","slug":"a-propos-de-nous","status":"publish","type":"page","link":"https:\/\/portfolio.abdullahhashmi.dev\/jmh\/a-propos-de-nous\/","title":{"rendered":"\u00c0 Propos De Nous"},"content":{"rendered":"\t\t<div data-elementor-type=\"wp-page\" data-elementor-id=\"748\" class=\"elementor elementor-748\" data-elementor-post-type=\"page\">\n\t\t\t\t\t\t<section data-dce-background-color=\"#F8F2FF\" data-dce-background-image-url=\"https:\/\/portfolio.abdullahhashmi.dev\/jmh\/wp-content\/uploads\/2023\/12\/bg-line.png\" class=\"elementor-section elementor-top-section elementor-element elementor-element-6b86701 elementor-section-full_width elementor-section-height-default elementor-section-height-default\" data-id=\"6b86701\" data-element_type=\"section\" data-e-type=\"section\" data-settings=\"{&quot;background_background&quot;:&quot;classic&quot;}\">\n\t\t\t\t\t\t\t<div class=\"elementor-background-overlay\"><\/div>\n\t\t\t\t\t\t\t<div class=\"elementor-container elementor-column-gap-default\">\n\t\t\t\t\t<div class=\"elementor-column elementor-col-100 elementor-top-column elementor-element elementor-element-2c18109\" data-id=\"2c18109\" data-element_type=\"column\" data-e-type=\"column\">\n\t\t\t<div class=\"elementor-widget-wrap elementor-element-populated\">\n\t\t\t\t\t\t<div class=\"elementor-element elementor-element-ad5e87d elementor-invisible elementor-widget elementor-widget-heading\" data-id=\"ad5e87d\" data-element_type=\"widget\" data-e-type=\"widget\" data-settings=\"{&quot;_animation&quot;:&quot;fadeInUp&quot;}\" data-widget_type=\"heading.default\">\n\t\t\t\t<div class=\"elementor-widget-container\">\n\t\t\t\t\t<h1 class=\"elementor-heading-title elementor-size-default\">\u00c0 PROPOS DE NOUS<\/h1>\t\t\t\t<\/div>\n\t\t\t\t<\/div>\n\t\t\t\t<div class=\"elementor-element elementor-element-3d0f6f7 elementor-invisible elementor-widget elementor-widget-text-editor\" data-id=\"3d0f6f7\" data-element_type=\"widget\" data-e-type=\"widget\" data-settings=\"{&quot;_animation&quot;:&quot;fadeInUp&quot;}\" data-widget_type=\"text-editor.default\">\n\t\t\t\t<div class=\"elementor-widget-container\">\n\t\t\t\t\t\t\t\t\tExplore l&#8217;essence de JMH FIRM &#8211; un cabinet dynamique sp\u00e9cialis\u00e9 dans des solutions d&#8217;entreprise compl\u00e8tes. Avec une expertise en comptabilit\u00e9, audit, gestion de patrimoine et services juridiques, nous renfor\u00e7ons votre succ\u00e8s.\n\n\n\n\n\n\t\t\t\t\t\t\t\t<\/div>\n\t\t\t\t<\/div>\n\t\t\t\t\t<\/div>\n\t\t<\/div>\n\t\t\t\t\t<\/div>\n\t\t<\/section>\n\t\t\t\t<section class=\"elementor-section elementor-top-section elementor-element elementor-element-384bdfa elementor-section-full_width elementor-section-height-default elementor-section-height-default\" data-id=\"384bdfa\" data-element_type=\"section\" data-e-type=\"section\">\n\t\t\t\t\t\t<div class=\"elementor-container elementor-column-gap-default\">\n\t\t\t\t\t<div class=\"elementor-column elementor-col-100 elementor-top-column elementor-element elementor-element-2b8f4ef\" data-id=\"2b8f4ef\" data-element_type=\"column\" data-e-type=\"column\">\n\t\t\t<div class=\"elementor-widget-wrap elementor-element-populated\">\n\t\t\t\t\t\t<section class=\"elementor-section elementor-inner-section elementor-element elementor-element-75d4ea2 elementor-section-full_width elementor-section-height-default elementor-section-height-default\" data-id=\"75d4ea2\" data-element_type=\"section\" data-e-type=\"section\">\n\t\t\t\t\t\t<div class=\"elementor-container elementor-column-gap-default\">\n\t\t\t\t\t<div class=\"elementor-column elementor-col-50 elementor-inner-column elementor-element elementor-element-9ff1f2d\" data-id=\"9ff1f2d\" data-element_type=\"column\" data-e-type=\"column\">\n\t\t\t<div class=\"elementor-widget-wrap elementor-element-populated\">\n\t\t\t\t\t\t<div class=\"elementor-element elementor-element-5bef5fb dce_masking-none elementor-widget elementor-widget-image\" data-id=\"5bef5fb\" data-element_type=\"widget\" data-e-type=\"widget\" data-widget_type=\"image.default\">\n\t\t\t\t<div class=\"elementor-widget-container\">\n\t\t\t\t\t\t\t\t\t\t\t\t\t\t\t<img fetchpriority=\"high\" decoding=\"async\" width=\"1000\" height=\"667\" src=\"https:\/\/portfolio.abdullahhashmi.dev\/jmh\/wp-content\/uploads\/2024\/01\/s23_11zon.jpg\" class=\"attachment-full size-full wp-image-658\" alt=\"\" srcset=\"https:\/\/portfolio.abdullahhashmi.dev\/jmh\/wp-content\/uploads\/2024\/01\/s23_11zon.jpg 1000w, https:\/\/portfolio.abdullahhashmi.dev\/jmh\/wp-content\/uploads\/2024\/01\/s23_11zon-300x200.jpg 300w, https:\/\/portfolio.abdullahhashmi.dev\/jmh\/wp-content\/uploads\/2024\/01\/s23_11zon-768x512.jpg 768w\" sizes=\"(max-width: 1000px) 100vw, 1000px\" \/>\t\t\t\t\t\t\t\t\t\t\t\t\t\t\t<\/div>\n\t\t\t\t<\/div>\n\t\t\t\t\t<\/div>\n\t\t<\/div>\n\t\t\t\t<div class=\"elementor-column elementor-col-50 elementor-inner-column elementor-element elementor-element-43c63db\" data-id=\"43c63db\" data-element_type=\"column\" data-e-type=\"column\">\n\t\t\t<div class=\"elementor-widget-wrap elementor-element-populated\">\n\t\t\t\t\t\t<div class=\"elementor-element elementor-element-5799198 elementor-invisible elementor-widget elementor-widget-elementskit-heading\" data-id=\"5799198\" data-element_type=\"widget\" data-e-type=\"widget\" data-settings=\"{&quot;_animation&quot;:&quot;fadeInUp&quot;}\" data-widget_type=\"elementskit-heading.default\">\n\t\t\t\t<div class=\"elementor-widget-container\">\n\t\t\t\t\t<div class=\"ekit-wid-con\" ><div class=\"ekit-heading elementskit-section-title-wraper text_left   ekit_heading_tablet-   ekit_heading_mobile-\"><h2 class=\"ekit-heading--title elementskit-section-title \">Notre Histoire, Notre Engagement, <span><span>Votre R\u00e9ussite<\/span><\/span><\/h2><\/div><\/div>\t\t\t\t<\/div>\n\t\t\t\t<\/div>\n\t\t\t\t<div class=\"elementor-element elementor-element-4a165c6 elementor-invisible elementor-widget elementor-widget-text-editor\" data-id=\"4a165c6\" data-element_type=\"widget\" data-e-type=\"widget\" data-settings=\"{&quot;_animation&quot;:&quot;fadeInUp&quot;}\" data-widget_type=\"text-editor.default\">\n\t\t\t\t<div class=\"elementor-widget-container\">\n\t\t\t\t\t\t\t\t\tBienvenue chez JMH Firm, o\u00f9 chaque \u00e9tape de notre parcours refl\u00e8te notre d\u00e9vouement envers l&#8217;excellence. Notre \u00e9quipe passionn\u00e9e s&#8217;engage \u00e0 vous offrir des solutions financi\u00e8res int\u00e9gr\u00e9es et un accompagnement personnalis\u00e9. Explorez notre histoire et d\u00e9couvrez comment nous pouvons \u00eatre le partenaire id\u00e9al pour votre succ\u00e8s.\t\t\t\t\t\t\t\t<\/div>\n\t\t\t\t<\/div>\n\t\t\t\t\t<\/div>\n\t\t<\/div>\n\t\t\t\t\t<\/div>\n\t\t<\/section>\n\t\t\t\t\t<\/div>\n\t\t<\/div>\n\t\t\t\t\t<\/div>\n\t\t<\/section>\n\t\t\t\t<section class=\"elementor-section elementor-top-section elementor-element elementor-element-dbc4a1f elementor-section-full_width elementor-section-height-default elementor-section-height-default\" data-id=\"dbc4a1f\" data-element_type=\"section\" data-e-type=\"section\" data-settings=\"{&quot;background_background&quot;:&quot;classic&quot;}\">\n\t\t\t\t\t\t<div class=\"elementor-container elementor-column-gap-default\">\n\t\t\t\t\t<div class=\"elementor-column elementor-col-100 elementor-top-column elementor-element elementor-element-965e124\" data-id=\"965e124\" data-element_type=\"column\" data-e-type=\"column\">\n\t\t\t<div class=\"elementor-widget-wrap elementor-element-populated\">\n\t\t\t\t\t\t<div class=\"elementor-element elementor-element-dfe4886 elementor-invisible elementor-widget elementor-widget-heading\" data-id=\"dfe4886\" data-element_type=\"widget\" data-e-type=\"widget\" data-settings=\"{&quot;_animation&quot;:&quot;fadeInUp&quot;}\" data-widget_type=\"heading.default\">\n\t\t\t\t<div class=\"elementor-widget-container\">\n\t\t\t\t\t<h1 class=\"elementor-heading-title elementor-size-default\">D\u00e9voilons notre structure organisationnelle.<\/h1>\t\t\t\t<\/div>\n\t\t\t\t<\/div>\n\t\t\t\t<div class=\"elementor-element elementor-element-7018125 dce_masking-none elementor-widget elementor-widget-image\" data-id=\"7018125\" data-element_type=\"widget\" data-e-type=\"widget\" data-widget_type=\"image.default\">\n\t\t\t\t<div class=\"elementor-widget-container\">\n\t\t\t\t\t\t\t\t\t\t\t\t\t\t\t<img decoding=\"async\" width=\"990\" height=\"646\" src=\"https:\/\/portfolio.abdullahhashmi.dev\/jmh\/wp-content\/uploads\/2024\/01\/Final-Organization-Chart-JMH-FIRM-CYRIL.png\" class=\"attachment-full size-full wp-image-819\" alt=\"\" srcset=\"https:\/\/portfolio.abdullahhashmi.dev\/jmh\/wp-content\/uploads\/2024\/01\/Final-Organization-Chart-JMH-FIRM-CYRIL.png 990w, https:\/\/portfolio.abdullahhashmi.dev\/jmh\/wp-content\/uploads\/2024\/01\/Final-Organization-Chart-JMH-FIRM-CYRIL-300x196.png 300w, https:\/\/portfolio.abdullahhashmi.dev\/jmh\/wp-content\/uploads\/2024\/01\/Final-Organization-Chart-JMH-FIRM-CYRIL-768x501.png 768w\" sizes=\"(max-width: 990px) 100vw, 990px\" \/>\t\t\t\t\t\t\t\t\t\t\t\t\t\t\t<\/div>\n\t\t\t\t<\/div>\n\t\t\t\t\t<\/div>\n\t\t<\/div>\n\t\t\t\t\t<\/div>\n\t\t<\/section>\n\t\t\t\t<\/div>\n\t\t","protected":false},"excerpt":{"rendered":"<p>\u00c0 PROPOS DE NOUS Explore l&#8217;essence de JMH FIRM &#8211; un cabinet dynamique sp\u00e9cialis\u00e9 dans des solutions d&#8217;entreprise compl\u00e8tes. Avec une expertise en comptabilit\u00e9, audit, gestion de patrimoine et services juridiques, nous renfor\u00e7ons votre succ\u00e8s. Notre Histoire, Notre Engagement, Votre R\u00e9ussite Bienvenue chez JMH Firm, o\u00f9 chaque \u00e9tape de notre parcours refl\u00e8te notre d\u00e9vouement envers [&hellip;]<\/p>\n","protected":false},"author":1,"featured_media":0,"parent":0,"menu_order":0,"comment_status":"closed","ping_status":"closed","template":"elementor_header_footer","meta":{"inline_featured_image":false,"footnotes":""},"class_list":["post-748","page","type-page","status-publish","hentry"],"_hostinger_reach_plugin_has_subscription_block":false,"_hostinger_reach_plugin_is_elementor":false,"_links":{"self":[{"href":"https:\/\/portfolio.abdullahhashmi.dev\/jmh\/wp-json\/wp\/v2\/pages\/748","targetHints":{"allow":["GET"]}}],"collection":[{"href":"https:\/\/portfolio.abdullahhashmi.dev\/jmh\/wp-json\/wp\/v2\/pages"}],"about":[{"href":"https:\/\/portfolio.abdullahhashmi.dev\/jmh\/wp-json\/wp\/v2\/types\/page"}],"author":[{"embeddable":true,"href":"https:\/\/portfolio.abdullahhashmi.dev\/jmh\/wp-json\/wp\/v2\/users\/1"}],"replies":[{"embeddable":true,"href":"https:\/\/portfolio.abdullahhashmi.dev\/jmh\/wp-json\/wp\/v2\/comments?post=748"}],"version-history":[{"count":61,"href":"https:\/\/portfolio.abdullahhashmi.dev\/jmh\/wp-json\/wp\/v2\/pages\/748\/revisions"}],"predecessor-version":[{"id":950,"href":"https:\/\/portfolio.abdullahhashmi.dev\/jmh\/wp-json\/wp\/v2\/pages\/748\/revisions\/950"}],"wp:attachment":[{"href":"https:\/\/portfolio.abdullahhashmi.dev\/jmh\/wp-json\/wp\/v2\/media?parent=748"}],"curies":[{"name":"wp","href":"https:\/\/api.w.org\/{rel}","templated":true}]}}